{"id":754,"date":"2022-12-30T10:14:51","date_gmt":"2022-12-30T09:14:51","guid":{"rendered":"https:\/\/yermatbier.fr\/?post_type=product&#038;p=754"},"modified":"2025-07-18T10:26:15","modified_gmt":"2025-07-18T08:26:15","slug":"demi-metre-8-bieres","status":"publish","type":"product","link":"https:\/\/yermatbier.fr\/?product=demi-metre-8-bieres","title":{"rendered":"Demi m\u00e8tre 8 bi\u00e8res"},"content":{"rendered":"<p>Assortiment de 8 bi\u00e8res diff\u00e9rentes de la brasserie en 33cl au choix<\/p>\n<p>&nbsp;<\/p>\n","protected":false},"excerpt":{"rendered":"<p>Assortiment de 8 bi\u00e8res diff\u00e9rentes de la brasserie en 33cl au choix &nbsp;<\/p>\n","protected":false},"featured_media":935,"template":"","meta":{"neve_meta_sidebar":"","neve_meta_container":"","neve_meta_enable_content_width":"off","neve_meta_content_width":100,"neve_meta_title_alignment":"","neve_meta_author_avatar":"","neve_post_elements_order":"","neve_meta_disable_header":"","neve_meta_disable_footer":"","neve_meta_disable_title":""},"product_brand":[],"product_cat":[19],"product_tag":[29],"class_list":{"0":"post-754","1":"product","2":"type-product","3":"status-publish","4":"has-post-thumbnail","6":"product_cat-bier","7":"product_tag-biere","9":"first","10":"instock","11":"shipping-taxable","12":"purchasable","13":"product-type-simple"},"yoast_head":"<!-- This site is optimized with the Yoast SEO plugin v27.3 - https:\/\/yoast.com\/product\/yoast-seo-wordpress\/ -->\n<title>Demi m\u00e8tre 8 bi\u00e8res - YermatBier<\/title>\n<meta name=\"robots\" content=\"index, follow, max-snippet:-1, max-image-preview:large, max-video-preview:-1\" \/>\n<link rel=\"canonical\" href=\"https:\/\/yermatbier.fr\/?product=demi-metre-8-bieres\" \/>\n<meta property=\"og:locale\" content=\"fr_FR\" \/>\n<meta property=\"og:type\" content=\"article\" \/>\n<meta property=\"og:title\" content=\"Demi m\u00e8tre 8 bi\u00e8res - YermatBier\" \/>\n<meta property=\"og:description\" content=\"Assortiment de 8 bi\u00e8res diff\u00e9rentes de la brasserie en 33cl au choix &nbsp;\" \/>\n<meta property=\"og:url\" content=\"https:\/\/yermatbier.fr\/?product=demi-metre-8-bieres\" \/>\n<meta property=\"og:site_name\" content=\"YermatBier\" \/>\n<meta property=\"article:modified_time\" content=\"2025-07-18T08:26:15+00:00\" \/>\n<meta property=\"og:image\" content=\"https:\/\/yermatbier.fr\/wp-content\/uploads\/2022\/12\/IMG_20231101_112215-scaled.jpg\" \/>\n\t<meta property=\"og:image:width\" content=\"2560\" \/>\n\t<meta property=\"og:image:height\" content=\"1920\" \/>\n\t<meta property=\"og:image:type\" content=\"image\/jpeg\" \/>\n<meta name=\"twitter:card\" content=\"summary_large_image\" \/>\n<meta name=\"twitter:label1\" content=\"Dur\u00e9e de lecture estim\u00e9e\" \/>\n\t<meta name=\"twitter:data1\" content=\"1 minute\" \/>\n<script type=\"application\/ld+json\" class=\"yoast-schema-graph\">{\"@context\":\"https:\\\/\\\/schema.org\",\"@graph\":[{\"@type\":\"WebPage\",\"@id\":\"https:\\\/\\\/yermatbier.fr\\\/?product=demi-metre-8-bieres\",\"url\":\"https:\\\/\\\/yermatbier.fr\\\/?product=demi-metre-8-bieres\",\"name\":\"Demi m\u00e8tre 8 bi\u00e8res - YermatBier\",\"isPartOf\":{\"@id\":\"https:\\\/\\\/yermatbier.fr\\\/#website\"},\"primaryImageOfPage\":{\"@id\":\"https:\\\/\\\/yermatbier.fr\\\/?product=demi-metre-8-bieres#primaryimage\"},\"image\":{\"@id\":\"https:\\\/\\\/yermatbier.fr\\\/?product=demi-metre-8-bieres#primaryimage\"},\"thumbnailUrl\":\"https:\\\/\\\/yermatbier.fr\\\/wp-content\\\/uploads\\\/2022\\\/12\\\/IMG_20231101_112215-scaled.jpg\",\"datePublished\":\"2022-12-30T09:14:51+00:00\",\"dateModified\":\"2025-07-18T08:26:15+00:00\",\"breadcrumb\":{\"@id\":\"https:\\\/\\\/yermatbier.fr\\\/?product=demi-metre-8-bieres#breadcrumb\"},\"inLanguage\":\"fr-FR\",\"potentialAction\":[{\"@type\":\"ReadAction\",\"target\":[\"https:\\\/\\\/yermatbier.fr\\\/?product=demi-metre-8-bieres\"]}]},{\"@type\":\"ImageObject\",\"inLanguage\":\"fr-FR\",\"@id\":\"https:\\\/\\\/yermatbier.fr\\\/?product=demi-metre-8-bieres#primaryimage\",\"url\":\"https:\\\/\\\/yermatbier.fr\\\/wp-content\\\/uploads\\\/2022\\\/12\\\/IMG_20231101_112215-scaled.jpg\",\"contentUrl\":\"https:\\\/\\\/yermatbier.fr\\\/wp-content\\\/uploads\\\/2022\\\/12\\\/IMG_20231101_112215-scaled.jpg\",\"width\":2560,\"height\":1920,\"caption\":\"Exif_JPEG_420\"},{\"@type\":\"BreadcrumbList\",\"@id\":\"https:\\\/\\\/yermatbier.fr\\\/?product=demi-metre-8-bieres#breadcrumb\",\"itemListElement\":[{\"@type\":\"ListItem\",\"position\":1,\"name\":\"Accueil\",\"item\":\"https:\\\/\\\/yermatbier.fr\\\/\"},{\"@type\":\"ListItem\",\"position\":2,\"name\":\"Boutique\",\"item\":\"https:\\\/\\\/yermatbier.fr\\\/?page_id=312\"},{\"@type\":\"ListItem\",\"position\":3,\"name\":\"Demi m\u00e8tre 8 bi\u00e8res\"}]},{\"@type\":\"WebSite\",\"@id\":\"https:\\\/\\\/yermatbier.fr\\\/#website\",\"url\":\"https:\\\/\\\/yermatbier.fr\\\/\",\"name\":\"YermatBier\",\"description\":\"\",\"publisher\":{\"@id\":\"https:\\\/\\\/yermatbier.fr\\\/#organization\"},\"potentialAction\":[{\"@type\":\"SearchAction\",\"target\":{\"@type\":\"EntryPoint\",\"urlTemplate\":\"https:\\\/\\\/yermatbier.fr\\\/?s={search_term_string}\"},\"query-input\":{\"@type\":\"PropertyValueSpecification\",\"valueRequired\":true,\"valueName\":\"search_term_string\"}}],\"inLanguage\":\"fr-FR\"},{\"@type\":\"Organization\",\"@id\":\"https:\\\/\\\/yermatbier.fr\\\/#organization\",\"name\":\"micro brasserie yermatbier locmiqu\u00e9lic\",\"url\":\"https:\\\/\\\/yermatbier.fr\\\/\",\"logo\":{\"@type\":\"ImageObject\",\"inLanguage\":\"fr-FR\",\"@id\":\"https:\\\/\\\/yermatbier.fr\\\/#\\\/schema\\\/logo\\\/image\\\/\",\"url\":\"https:\\\/\\\/yermatbier.fr\\\/wp-content\\\/uploads\\\/2022\\\/01\\\/244414436_1555273158154322_5968613582070822783-moyen-_n.png\",\"contentUrl\":\"https:\\\/\\\/yermatbier.fr\\\/wp-content\\\/uploads\\\/2022\\\/01\\\/244414436_1555273158154322_5968613582070822783-moyen-_n.png\",\"width\":1596,\"height\":1252,\"caption\":\"micro brasserie yermatbier locmiqu\u00e9lic\"},\"image\":{\"@id\":\"https:\\\/\\\/yermatbier.fr\\\/#\\\/schema\\\/logo\\\/image\\\/\"}}]}<\/script>\n<!-- \/ Yoast SEO plugin. -->","yoast_head_json":{"title":"Demi m\u00e8tre 8 bi\u00e8res - YermatBier","robots":{"index":"index","follow":"follow","max-snippet":"max-snippet:-1","max-image-preview":"max-image-preview:large","max-video-preview":"max-video-preview:-1"},"canonical":"https:\/\/yermatbier.fr\/?product=demi-metre-8-bieres","og_locale":"fr_FR","og_type":"article","og_title":"Demi m\u00e8tre 8 bi\u00e8res - YermatBier","og_description":"Assortiment de 8 bi\u00e8res diff\u00e9rentes de la brasserie en 33cl au choix &nbsp;","og_url":"https:\/\/yermatbier.fr\/?product=demi-metre-8-bieres","og_site_name":"YermatBier","article_modified_time":"2025-07-18T08:26:15+00:00","og_image":[{"width":2560,"height":1920,"url":"https:\/\/yermatbier.fr\/wp-content\/uploads\/2022\/12\/IMG_20231101_112215-scaled.jpg","type":"image\/jpeg"}],"twitter_card":"summary_large_image","twitter_misc":{"Dur\u00e9e de lecture estim\u00e9e":"1 minute"},"schema":{"@context":"https:\/\/schema.org","@graph":[{"@type":"WebPage","@id":"https:\/\/yermatbier.fr\/?product=demi-metre-8-bieres","url":"https:\/\/yermatbier.fr\/?product=demi-metre-8-bieres","name":"Demi m\u00e8tre 8 bi\u00e8res - YermatBier","isPartOf":{"@id":"https:\/\/yermatbier.fr\/#website"},"primaryImageOfPage":{"@id":"https:\/\/yermatbier.fr\/?product=demi-metre-8-bieres#primaryimage"},"image":{"@id":"https:\/\/yermatbier.fr\/?product=demi-metre-8-bieres#primaryimage"},"thumbnailUrl":"https:\/\/yermatbier.fr\/wp-content\/uploads\/2022\/12\/IMG_20231101_112215-scaled.jpg","datePublished":"2022-12-30T09:14:51+00:00","dateModified":"2025-07-18T08:26:15+00:00","breadcrumb":{"@id":"https:\/\/yermatbier.fr\/?product=demi-metre-8-bieres#breadcrumb"},"inLanguage":"fr-FR","potentialAction":[{"@type":"ReadAction","target":["https:\/\/yermatbier.fr\/?product=demi-metre-8-bieres"]}]},{"@type":"ImageObject","inLanguage":"fr-FR","@id":"https:\/\/yermatbier.fr\/?product=demi-metre-8-bieres#primaryimage","url":"https:\/\/yermatbier.fr\/wp-content\/uploads\/2022\/12\/IMG_20231101_112215-scaled.jpg","contentUrl":"https:\/\/yermatbier.fr\/wp-content\/uploads\/2022\/12\/IMG_20231101_112215-scaled.jpg","width":2560,"height":1920,"caption":"Exif_JPEG_420"},{"@type":"BreadcrumbList","@id":"https:\/\/yermatbier.fr\/?product=demi-metre-8-bieres#breadcrumb","itemListElement":[{"@type":"ListItem","position":1,"name":"Accueil","item":"https:\/\/yermatbier.fr\/"},{"@type":"ListItem","position":2,"name":"Boutique","item":"https:\/\/yermatbier.fr\/?page_id=312"},{"@type":"ListItem","position":3,"name":"Demi m\u00e8tre 8 bi\u00e8res"}]},{"@type":"WebSite","@id":"https:\/\/yermatbier.fr\/#website","url":"https:\/\/yermatbier.fr\/","name":"YermatBier","description":"","publisher":{"@id":"https:\/\/yermatbier.fr\/#organization"},"potentialAction":[{"@type":"SearchAction","target":{"@type":"EntryPoint","urlTemplate":"https:\/\/yermatbier.fr\/?s={search_term_string}"},"query-input":{"@type":"PropertyValueSpecification","valueRequired":true,"valueName":"search_term_string"}}],"inLanguage":"fr-FR"},{"@type":"Organization","@id":"https:\/\/yermatbier.fr\/#organization","name":"micro brasserie yermatbier locmiqu\u00e9lic","url":"https:\/\/yermatbier.fr\/","logo":{"@type":"ImageObject","inLanguage":"fr-FR","@id":"https:\/\/yermatbier.fr\/#\/schema\/logo\/image\/","url":"https:\/\/yermatbier.fr\/wp-content\/uploads\/2022\/01\/244414436_1555273158154322_5968613582070822783-moyen-_n.png","contentUrl":"https:\/\/yermatbier.fr\/wp-content\/uploads\/2022\/01\/244414436_1555273158154322_5968613582070822783-moyen-_n.png","width":1596,"height":1252,"caption":"micro brasserie yermatbier locmiqu\u00e9lic"},"image":{"@id":"https:\/\/yermatbier.fr\/#\/schema\/logo\/image\/"}}]}},"_links":{"self":[{"href":"https:\/\/yermatbier.fr\/index.php?rest_route=\/wp\/v2\/product\/754","targetHints":{"allow":["GET"]}}],"collection":[{"href":"https:\/\/yermatbier.fr\/index.php?rest_route=\/wp\/v2\/product"}],"about":[{"href":"https:\/\/yermatbier.fr\/index.php?rest_route=\/wp\/v2\/types\/product"}],"version-history":[{"count":4,"href":"https:\/\/yermatbier.fr\/index.php?rest_route=\/wp\/v2\/product\/754\/revisions"}],"predecessor-version":[{"id":936,"href":"https:\/\/yermatbier.fr\/index.php?rest_route=\/wp\/v2\/product\/754\/revisions\/936"}],"wp:featuredmedia":[{"embeddable":true,"href":"https:\/\/yermatbier.fr\/index.php?rest_route=\/wp\/v2\/media\/935"}],"wp:attachment":[{"href":"https:\/\/yermatbier.fr\/index.php?rest_route=%2Fwp%2Fv2%2Fmedia&parent=754"}],"wp:term":[{"taxonomy":"product_brand","embeddable":true,"href":"https:\/\/yermatbier.fr\/index.php?rest_route=%2Fwp%2Fv2%2Fproduct_brand&post=754"},{"taxonomy":"product_cat","embeddable":true,"href":"https:\/\/yermatbier.fr\/index.php?rest_route=%2Fwp%2Fv2%2Fproduct_cat&post=754"},{"taxonomy":"product_tag","embeddable":true,"href":"https:\/\/yermatbier.fr\/index.php?rest_route=%2Fwp%2Fv2%2Fproduct_tag&post=754"}],"curies":[{"name":"wp","href":"https:\/\/api.w.org\/{rel}","templated":true}]}}