{"id":6,"date":"2022-01-06T15:03:35","date_gmt":"2022-01-06T14:03:35","guid":{"rendered":"http:\/\/yermatbier.fr\/?page_id=6"},"modified":"2026-04-16T08:43:40","modified_gmt":"2026-04-16T06:43:40","slug":"accueil","status":"publish","type":"page","link":"https:\/\/yermatbier.fr\/","title":{"rendered":"Accueil"},"content":{"rendered":"\t\t<div data-elementor-type=\"wp-page\" data-elementor-id=\"6\" class=\"elementor elementor-6\">\n\t\t\t\t\t\t<section class=\"elementor-section elementor-top-section elementor-element elementor-element-e64be56 elementor-section-boxed elementor-section-height-default elementor-section-height-default wpr-particle-no wpr-jarallax-no wpr-parallax-no wpr-sticky-section-no wpr-equal-height-no\" data-id=\"e64be56\" data-element_type=\"section\" data-e-type=\"section\">\n\t\t\t\t\t\t<div class=\"elementor-container elementor-column-gap-default\">\n\t\t\t\t\t<div class=\"elementor-column elementor-col-100 elementor-top-column elementor-element elementor-element-6156519\" data-id=\"6156519\" data-element_type=\"column\" data-e-type=\"column\">\n\t\t\t<div class=\"elementor-widget-wrap elementor-element-populated\">\n\t\t\t\t\t\t<div class=\"elementor-element elementor-element-8bc1352 elementor-widget elementor-widget-text-editor\" data-id=\"8bc1352\" data-element_type=\"widget\" data-e-type=\"widget\" data-widget_type=\"text-editor.default\">\n\t\t\t\t<div class=\"elementor-widget-container\">\n\t\t\t\t\t\t\t\t\t<p>NOUVEAUTE DU SITE :<\/p><p>Une page location de tireuse avec les types de tireuse bi\u00e8re et tarifs\u00a0<\/p><p>Une page \u00e9v\u00e8nements partenaires ou nous retrouverez les \u00e9v\u00e8nements a venir\u00a0<\/p><p>\u00a0Cette semaine 13 au 19 avril<\/p><p>La brasserie est ouverte\u00a0<\/p><p>Mardi Mercredi Jeudi Vendredi 15H 18H<\/p><p>Samedi 9h 12h 16H\u00a0 18H<\/p><p>PAS DE DEGUSTATION SUR PLACE POUR CAUSE TRAVAUX\u00a0<\/p><p>LA BRASSERIE RESTE OUVERTE POUR LA VENTE A EMPORTER\u00a0<\/p>\t\t\t\t\t\t\t\t<\/div>\n\t\t\t\t<\/div>\n\t\t\t\t<div class=\"elementor-element elementor-element-327cc83 elementor-widget elementor-widget-video\" data-id=\"327cc83\" data-element_type=\"widget\" data-e-type=\"widget\" data-settings=\"{&quot;video_type&quot;:&quot;hosted&quot;,&quot;loop&quot;:&quot;yes&quot;,&quot;controls&quot;:&quot;yes&quot;}\" data-widget_type=\"video.default\">\n\t\t\t\t<div class=\"elementor-widget-container\">\n\t\t\t\t\t\t\t<div class=\"e-hosted-video elementor-wrapper elementor-open-inline\">\n\t\t\t\t\t<video class=\"elementor-video\" src=\"https:\/\/yermatbier.fr\/wp-content\/uploads\/2024\/08\/Design-sans-titre-1.mp4\" loop=\"\" controls=\"\" preload=\"metadata\" controlsList=\"nodownload\"><\/video>\n\t\t\t\t<\/div>\n\t\t\t\t\t\t<\/div>\n\t\t\t\t<\/div>\n\t\t\t\t<div class=\"elementor-element elementor-element-15932bc elementor-widget elementor-widget-image\" data-id=\"15932bc\" data-element_type=\"widget\" data-e-type=\"widget\" data-widget_type=\"image.default\">\n\t\t\t\t<div class=\"elementor-widget-container\">\n\t\t\t\t\t\t\t\t\t\t\t\t\t\t\t<img fetchpriority=\"high\" decoding=\"async\" width=\"716\" height=\"1024\" src=\"https:\/\/yermatbier.fr\/wp-content\/uploads\/2026\/02\/IMG_20260221_165958-716x1024.jpg\" class=\"attachment-large size-large wp-image-1834\" alt=\"\" srcset=\"https:\/\/yermatbier.fr\/wp-content\/uploads\/2026\/02\/IMG_20260221_165958-716x1024.jpg 716w, https:\/\/yermatbier.fr\/wp-content\/uploads\/2026\/02\/IMG_20260221_165958-210x300.jpg 210w, https:\/\/yermatbier.fr\/wp-content\/uploads\/2026\/02\/IMG_20260221_165958-768x1099.jpg 768w, https:\/\/yermatbier.fr\/wp-content\/uploads\/2026\/02\/IMG_20260221_165958-1073x1536.jpg 1073w, https:\/\/yermatbier.fr\/wp-content\/uploads\/2026\/02\/IMG_20260221_165958-1431x2048.jpg 1431w, https:\/\/yermatbier.fr\/wp-content\/uploads\/2026\/02\/IMG_20260221_165958-600x859.jpg 600w, https:\/\/yermatbier.fr\/wp-content\/uploads\/2026\/02\/IMG_20260221_165958-scaled.jpg 1789w\" sizes=\"(max-width: 716px) 100vw, 716px\" \/>\t\t\t\t\t\t\t\t\t\t\t\t\t\t\t<\/div>\n\t\t\t\t<\/div>\n\t\t\t\t<div class=\"elementor-element elementor-element-d23096b elementor-widget elementor-widget-image\" data-id=\"d23096b\" data-element_type=\"widget\" data-e-type=\"widget\" data-widget_type=\"image.default\">\n\t\t\t\t<div class=\"elementor-widget-container\">\n\t\t\t\t\t\t\t\t\t\t\t\t<figure class=\"wp-caption\">\n\t\t\t\t\t\t\t\t\t\t<img decoding=\"async\" width=\"1024\" height=\"683\" src=\"https:\/\/yermatbier.fr\/wp-content\/uploads\/2025\/03\/Copie-de-Copie-de-Copie-de-Blue-Patterned-Beer-Label-13-\u00d7-8-cm-121-x-81-mm-120-x-80-mm-1024x683.png\" class=\"attachment-large size-large wp-image-1572\" alt=\"\" srcset=\"https:\/\/yermatbier.fr\/wp-content\/uploads\/2025\/03\/Copie-de-Copie-de-Copie-de-Blue-Patterned-Beer-Label-13-\u00d7-8-cm-121-x-81-mm-120-x-80-mm-1024x683.png 1024w, https:\/\/yermatbier.fr\/wp-content\/uploads\/2025\/03\/Copie-de-Copie-de-Copie-de-Blue-Patterned-Beer-Label-13-\u00d7-8-cm-121-x-81-mm-120-x-80-mm-300x200.png 300w, https:\/\/yermatbier.fr\/wp-content\/uploads\/2025\/03\/Copie-de-Copie-de-Copie-de-Blue-Patterned-Beer-Label-13-\u00d7-8-cm-121-x-81-mm-120-x-80-mm-768x512.png 768w, https:\/\/yermatbier.fr\/wp-content\/uploads\/2025\/03\/Copie-de-Copie-de-Copie-de-Blue-Patterned-Beer-Label-13-\u00d7-8-cm-121-x-81-mm-120-x-80-mm-930x620.png 930w, https:\/\/yermatbier.fr\/wp-content\/uploads\/2025\/03\/Copie-de-Copie-de-Copie-de-Blue-Patterned-Beer-Label-13-\u00d7-8-cm-121-x-81-mm-120-x-80-mm-600x400.png 600w, https:\/\/yermatbier.fr\/wp-content\/uploads\/2025\/03\/Copie-de-Copie-de-Copie-de-Blue-Patterned-Beer-Label-13-\u00d7-8-cm-121-x-81-mm-120-x-80-mm.png 1417w\" sizes=\"(max-width: 1024px) 100vw, 1024px\" \/>\t\t\t\t\t\t\t\t\t\t\t<figcaption class=\"widget-image-caption wp-caption-text\"><\/figcaption>\n\t\t\t\t\t\t\t\t\t\t<\/figure>\n\t\t\t\t\t\t\t\t\t<\/div>\n\t\t\t\t<\/div>\n\t\t\t\t<div class=\"elementor-element elementor-element-d92004f elementor-widget elementor-widget-image\" data-id=\"d92004f\" data-element_type=\"widget\" data-e-type=\"widget\" data-widget_type=\"image.default\">\n\t\t\t\t<div class=\"elementor-widget-container\">\n\t\t\t\t\t\t\t\t\t\t\t\t\t\t\t<img decoding=\"async\" width=\"512\" height=\"512\" src=\"https:\/\/yermatbier.fr\/wp-content\/uploads\/2025\/07\/cropped-510130546_1321006116695021_1386607808838779117_n.jpg\" class=\"attachment-large size-large wp-image-1722\" alt=\"\" srcset=\"https:\/\/yermatbier.fr\/wp-content\/uploads\/2025\/07\/cropped-510130546_1321006116695021_1386607808838779117_n.jpg 512w, https:\/\/yermatbier.fr\/wp-content\/uploads\/2025\/07\/cropped-510130546_1321006116695021_1386607808838779117_n-300x300.jpg 300w, https:\/\/yermatbier.fr\/wp-content\/uploads\/2025\/07\/cropped-510130546_1321006116695021_1386607808838779117_n-150x150.jpg 150w, https:\/\/yermatbier.fr\/wp-content\/uploads\/2025\/07\/cropped-510130546_1321006116695021_1386607808838779117_n-100x100.jpg 100w, https:\/\/yermatbier.fr\/wp-content\/uploads\/2025\/07\/cropped-510130546_1321006116695021_1386607808838779117_n-270x270.jpg 270w, https:\/\/yermatbier.fr\/wp-content\/uploads\/2025\/07\/cropped-510130546_1321006116695021_1386607808838779117_n-192x192.jpg 192w, https:\/\/yermatbier.fr\/wp-content\/uploads\/2025\/07\/cropped-510130546_1321006116695021_1386607808838779117_n-180x180.jpg 180w, https:\/\/yermatbier.fr\/wp-content\/uploads\/2025\/07\/cropped-510130546_1321006116695021_1386607808838779117_n-32x32.jpg 32w\" sizes=\"(max-width: 512px) 100vw, 512px\" \/>\t\t\t\t\t\t\t\t\t\t\t\t\t\t\t<\/div>\n\t\t\t\t<\/div>\n\t\t\t\t\t<\/div>\n\t\t<\/div>\n\t\t\t\t\t<\/div>\n\t\t<\/section>\n\t\t\t\t<\/div>\n\t\t","protected":false},"excerpt":{"rendered":"<p>NOUVEAUTE DU SITE : Une page location de tireuse avec les types de tireuse bi\u00e8re et tarifs\u00a0 Une page \u00e9v\u00e8nements partenaires ou nous retrouverez les \u00e9v\u00e8nements a venir\u00a0 \u00a0Cette semaine 13 au 19 avril La brasserie est ouverte\u00a0 Mardi Mercredi Jeudi Vendredi 15H 18H Samedi 9h 12h 16H\u00a0 18H PAS DE DEGUSTATION SUR PLACE POUR CAUSE TRAVAUX\u00a0 LA BRASSERIE RESTE OUVERTE POUR LA VENTE A EMPORTER\u00a0 https:\/\/yermatbier.fr\/wp-content\/uploads\/2024\/08\/Design-sans-titre-1.mp4<\/p>\n","protected":false},"author":1,"featured_media":0,"parent":0,"menu_order":0,"comment_status":"closed","ping_status":"closed","template":"","meta":{"neve_meta_sidebar":"","neve_meta_container":"","neve_meta_enable_content_width":"on","neve_meta_content_width":100,"neve_meta_title_alignment":"","neve_meta_author_avatar":"","neve_post_elements_order":"","neve_meta_disable_header":"","neve_meta_disable_footer":"","neve_meta_disable_title":"on","footnotes":""},"class_list":["post-6","page","type-page","status-publish","hentry"],"yoast_head":"<!-- This site is optimized with the Yoast SEO plugin v27.4 - https:\/\/yoast.com\/product\/yoast-seo-wordpress\/ -->\n<title>Accueil - YermatBier<\/title>\n<meta name=\"robots\" content=\"index, follow, max-snippet:-1, max-image-preview:large, max-video-preview:-1\" \/>\n<link rel=\"canonical\" href=\"https:\/\/yermatbier.fr\/\" \/>\n<meta property=\"og:locale\" content=\"fr_FR\" \/>\n<meta property=\"og:type\" content=\"article\" \/>\n<meta property=\"og:title\" content=\"Accueil - YermatBier\" \/>\n<meta property=\"og:description\" content=\"NOUVEAUTE DU SITE : Une page location de tireuse avec les types de tireuse bi\u00e8re et tarifs\u00a0 Une page \u00e9v\u00e8nements partenaires ou nous retrouverez les \u00e9v\u00e8nements a venir\u00a0 \u00a0Cette semaine 13 au 19 avril La brasserie est ouverte\u00a0 Mardi Mercredi Jeudi Vendredi 15H 18H Samedi 9h 12h 16H\u00a0 18H PAS DE DEGUSTATION SUR PLACE POUR CAUSE TRAVAUX\u00a0 LA BRASSERIE RESTE OUVERTE POUR LA VENTE A EMPORTER\u00a0 https:\/\/yermatbier.fr\/wp-content\/uploads\/2024\/08\/Design-sans-titre-1.mp4\" \/>\n<meta property=\"og:url\" content=\"https:\/\/yermatbier.fr\/\" \/>\n<meta property=\"og:site_name\" content=\"YermatBier\" \/>\n<meta property=\"article:modified_time\" content=\"2026-04-16T06:43:40+00:00\" \/>\n<meta property=\"og:image\" content=\"https:\/\/yermatbier.fr\/wp-content\/uploads\/2026\/02\/IMG_20260221_165958-scaled.jpg\" \/>\n\t<meta property=\"og:image:width\" content=\"1789\" \/>\n\t<meta property=\"og:image:height\" content=\"2560\" \/>\n\t<meta property=\"og:image:type\" content=\"image\/jpeg\" \/>\n<meta name=\"twitter:card\" content=\"summary_large_image\" \/>\n<meta name=\"twitter:label1\" content=\"Dur\u00e9e de lecture estim\u00e9e\" \/>\n\t<meta name=\"twitter:data1\" content=\"1 minute\" \/>\n<script type=\"application\/ld+json\" class=\"yoast-schema-graph\">{\"@context\":\"https:\\\/\\\/schema.org\",\"@graph\":[{\"@type\":\"WebPage\",\"@id\":\"https:\\\/\\\/yermatbier.fr\\\/\",\"url\":\"https:\\\/\\\/yermatbier.fr\\\/\",\"name\":\"Accueil - YermatBier\",\"isPartOf\":{\"@id\":\"https:\\\/\\\/yermatbier.fr\\\/#website\"},\"primaryImageOfPage\":{\"@id\":\"https:\\\/\\\/yermatbier.fr\\\/#primaryimage\"},\"image\":{\"@id\":\"https:\\\/\\\/yermatbier.fr\\\/#primaryimage\"},\"thumbnailUrl\":\"https:\\\/\\\/yermatbier.fr\\\/wp-content\\\/uploads\\\/2026\\\/02\\\/IMG_20260221_165958-716x1024.jpg\",\"datePublished\":\"2022-01-06T14:03:35+00:00\",\"dateModified\":\"2026-04-16T06:43:40+00:00\",\"breadcrumb\":{\"@id\":\"https:\\\/\\\/yermatbier.fr\\\/#breadcrumb\"},\"inLanguage\":\"fr-FR\",\"potentialAction\":[{\"@type\":\"ReadAction\",\"target\":[\"https:\\\/\\\/yermatbier.fr\\\/\"]}]},{\"@type\":\"ImageObject\",\"inLanguage\":\"fr-FR\",\"@id\":\"https:\\\/\\\/yermatbier.fr\\\/#primaryimage\",\"url\":\"https:\\\/\\\/yermatbier.fr\\\/wp-content\\\/uploads\\\/2026\\\/02\\\/IMG_20260221_165958-scaled.jpg\",\"contentUrl\":\"https:\\\/\\\/yermatbier.fr\\\/wp-content\\\/uploads\\\/2026\\\/02\\\/IMG_20260221_165958-scaled.jpg\",\"width\":1789,\"height\":2560},{\"@type\":\"BreadcrumbList\",\"@id\":\"https:\\\/\\\/yermatbier.fr\\\/#breadcrumb\",\"itemListElement\":[{\"@type\":\"ListItem\",\"position\":1,\"name\":\"Accueil\",\"item\":\"https:\\\/\\\/yermatbier.fr\\\/\"},{\"@type\":\"ListItem\",\"position\":2,\"name\":\"Accueil\"}]},{\"@type\":\"WebSite\",\"@id\":\"https:\\\/\\\/yermatbier.fr\\\/#website\",\"url\":\"https:\\\/\\\/yermatbier.fr\\\/\",\"name\":\"YermatBier\",\"description\":\"\",\"publisher\":{\"@id\":\"https:\\\/\\\/yermatbier.fr\\\/#organization\"},\"potentialAction\":[{\"@type\":\"SearchAction\",\"target\":{\"@type\":\"EntryPoint\",\"urlTemplate\":\"https:\\\/\\\/yermatbier.fr\\\/?s={search_term_string}\"},\"query-input\":{\"@type\":\"PropertyValueSpecification\",\"valueRequired\":true,\"valueName\":\"search_term_string\"}}],\"inLanguage\":\"fr-FR\"},{\"@type\":\"Organization\",\"@id\":\"https:\\\/\\\/yermatbier.fr\\\/#organization\",\"name\":\"micro brasserie yermatbier locmiqu\u00e9lic\",\"url\":\"https:\\\/\\\/yermatbier.fr\\\/\",\"logo\":{\"@type\":\"ImageObject\",\"inLanguage\":\"fr-FR\",\"@id\":\"https:\\\/\\\/yermatbier.fr\\\/#\\\/schema\\\/logo\\\/image\\\/\",\"url\":\"https:\\\/\\\/yermatbier.fr\\\/wp-content\\\/uploads\\\/2022\\\/01\\\/244414436_1555273158154322_5968613582070822783-moyen-_n.png\",\"contentUrl\":\"https:\\\/\\\/yermatbier.fr\\\/wp-content\\\/uploads\\\/2022\\\/01\\\/244414436_1555273158154322_5968613582070822783-moyen-_n.png\",\"width\":1596,\"height\":1252,\"caption\":\"micro brasserie yermatbier locmiqu\u00e9lic\"},\"image\":{\"@id\":\"https:\\\/\\\/yermatbier.fr\\\/#\\\/schema\\\/logo\\\/image\\\/\"}}]}<\/script>\n<!-- \/ Yoast SEO plugin. -->","yoast_head_json":{"title":"Accueil - YermatBier","robots":{"index":"index","follow":"follow","max-snippet":"max-snippet:-1","max-image-preview":"max-image-preview:large","max-video-preview":"max-video-preview:-1"},"canonical":"https:\/\/yermatbier.fr\/","og_locale":"fr_FR","og_type":"article","og_title":"Accueil - YermatBier","og_description":"NOUVEAUTE DU SITE : Une page location de tireuse avec les types de tireuse bi\u00e8re et tarifs\u00a0 Une page \u00e9v\u00e8nements partenaires ou nous retrouverez les \u00e9v\u00e8nements a venir\u00a0 \u00a0Cette semaine 13 au 19 avril La brasserie est ouverte\u00a0 Mardi Mercredi Jeudi Vendredi 15H 18H Samedi 9h 12h 16H\u00a0 18H PAS DE DEGUSTATION SUR PLACE POUR CAUSE TRAVAUX\u00a0 LA BRASSERIE RESTE OUVERTE POUR LA VENTE A EMPORTER\u00a0 https:\/\/yermatbier.fr\/wp-content\/uploads\/2024\/08\/Design-sans-titre-1.mp4","og_url":"https:\/\/yermatbier.fr\/","og_site_name":"YermatBier","article_modified_time":"2026-04-16T06:43:40+00:00","og_image":[{"width":1789,"height":2560,"url":"https:\/\/yermatbier.fr\/wp-content\/uploads\/2026\/02\/IMG_20260221_165958-scaled.jpg","type":"image\/jpeg"}],"twitter_card":"summary_large_image","twitter_misc":{"Dur\u00e9e de lecture estim\u00e9e":"1 minute"},"schema":{"@context":"https:\/\/schema.org","@graph":[{"@type":"WebPage","@id":"https:\/\/yermatbier.fr\/","url":"https:\/\/yermatbier.fr\/","name":"Accueil - YermatBier","isPartOf":{"@id":"https:\/\/yermatbier.fr\/#website"},"primaryImageOfPage":{"@id":"https:\/\/yermatbier.fr\/#primaryimage"},"image":{"@id":"https:\/\/yermatbier.fr\/#primaryimage"},"thumbnailUrl":"https:\/\/yermatbier.fr\/wp-content\/uploads\/2026\/02\/IMG_20260221_165958-716x1024.jpg","datePublished":"2022-01-06T14:03:35+00:00","dateModified":"2026-04-16T06:43:40+00:00","breadcrumb":{"@id":"https:\/\/yermatbier.fr\/#breadcrumb"},"inLanguage":"fr-FR","potentialAction":[{"@type":"ReadAction","target":["https:\/\/yermatbier.fr\/"]}]},{"@type":"ImageObject","inLanguage":"fr-FR","@id":"https:\/\/yermatbier.fr\/#primaryimage","url":"https:\/\/yermatbier.fr\/wp-content\/uploads\/2026\/02\/IMG_20260221_165958-scaled.jpg","contentUrl":"https:\/\/yermatbier.fr\/wp-content\/uploads\/2026\/02\/IMG_20260221_165958-scaled.jpg","width":1789,"height":2560},{"@type":"BreadcrumbList","@id":"https:\/\/yermatbier.fr\/#breadcrumb","itemListElement":[{"@type":"ListItem","position":1,"name":"Accueil","item":"https:\/\/yermatbier.fr\/"},{"@type":"ListItem","position":2,"name":"Accueil"}]},{"@type":"WebSite","@id":"https:\/\/yermatbier.fr\/#website","url":"https:\/\/yermatbier.fr\/","name":"YermatBier","description":"","publisher":{"@id":"https:\/\/yermatbier.fr\/#organization"},"potentialAction":[{"@type":"SearchAction","target":{"@type":"EntryPoint","urlTemplate":"https:\/\/yermatbier.fr\/?s={search_term_string}"},"query-input":{"@type":"PropertyValueSpecification","valueRequired":true,"valueName":"search_term_string"}}],"inLanguage":"fr-FR"},{"@type":"Organization","@id":"https:\/\/yermatbier.fr\/#organization","name":"micro brasserie yermatbier locmiqu\u00e9lic","url":"https:\/\/yermatbier.fr\/","logo":{"@type":"ImageObject","inLanguage":"fr-FR","@id":"https:\/\/yermatbier.fr\/#\/schema\/logo\/image\/","url":"https:\/\/yermatbier.fr\/wp-content\/uploads\/2022\/01\/244414436_1555273158154322_5968613582070822783-moyen-_n.png","contentUrl":"https:\/\/yermatbier.fr\/wp-content\/uploads\/2022\/01\/244414436_1555273158154322_5968613582070822783-moyen-_n.png","width":1596,"height":1252,"caption":"micro brasserie yermatbier locmiqu\u00e9lic"},"image":{"@id":"https:\/\/yermatbier.fr\/#\/schema\/logo\/image\/"}}]}},"_links":{"self":[{"href":"https:\/\/yermatbier.fr\/index.php?rest_route=\/wp\/v2\/pages\/6","targetHints":{"allow":["GET"]}}],"collection":[{"href":"https:\/\/yermatbier.fr\/index.php?rest_route=\/wp\/v2\/pages"}],"about":[{"href":"https:\/\/yermatbier.fr\/index.php?rest_route=\/wp\/v2\/types\/page"}],"author":[{"embeddable":true,"href":"https:\/\/yermatbier.fr\/index.php?rest_route=\/wp\/v2\/users\/1"}],"replies":[{"embeddable":true,"href":"https:\/\/yermatbier.fr\/index.php?rest_route=%2Fwp%2Fv2%2Fcomments&post=6"}],"version-history":[{"count":473,"href":"https:\/\/yermatbier.fr\/index.php?rest_route=\/wp\/v2\/pages\/6\/revisions"}],"predecessor-version":[{"id":1939,"href":"https:\/\/yermatbier.fr\/index.php?rest_route=\/wp\/v2\/pages\/6\/revisions\/1939"}],"wp:attachment":[{"href":"https:\/\/yermatbier.fr\/index.php?rest_route=%2Fwp%2Fv2%2Fmedia&parent=6"}],"curies":[{"name":"wp","href":"https:\/\/api.w.org\/{rel}","templated":true}]}}