{"id":1861,"date":"2026-04-14T07:48:56","date_gmt":"2026-04-14T05:48:56","guid":{"rendered":"https:\/\/yermatbier.fr\/?page_id=1861"},"modified":"2026-04-14T11:38:38","modified_gmt":"2026-04-14T09:38:38","slug":"location-de-tireuse-et-fut-pays-de-lorient","status":"publish","type":"page","link":"https:\/\/yermatbier.fr\/?page_id=1861","title":{"rendered":"Location de tireuse et fut pays de Lorient"},"content":{"rendered":"\t\t<div data-elementor-type=\"wp-page\" data-elementor-id=\"1861\" class=\"elementor elementor-1861\">\n\t\t\t\t\t\t<section class=\"elementor-section elementor-top-section elementor-element elementor-element-f3f876f elementor-section-boxed elementor-section-height-default elementor-section-height-default wpr-particle-no wpr-jarallax-no wpr-parallax-no wpr-sticky-section-no\" data-id=\"f3f876f\" data-element_type=\"section\" data-e-type=\"section\">\n\t\t\t\t\t\t<div class=\"elementor-container elementor-column-gap-default\">\n\t\t\t\t\t<div class=\"elementor-column elementor-col-100 elementor-top-column elementor-element elementor-element-69b84c5\" data-id=\"69b84c5\" data-element_type=\"column\" data-e-type=\"column\">\n\t\t\t<div class=\"elementor-widget-wrap elementor-element-populated\">\n\t\t\t\t\t\t<div class=\"elementor-element elementor-element-fd198c3 elementor-widget elementor-widget-text-editor\" data-id=\"fd198c3\" data-element_type=\"widget\" data-e-type=\"widget\" data-widget_type=\"text-editor.default\">\n\t\t\t\t<div class=\"elementor-widget-container\">\n\t\t\t\t\t\t\t\t\t<p>UNE\u00a0 TIREUSE ET DES FUTS ADAPTES A TOUS VOS EVENEMENTS !!!!!<\/p><p>LOCATION DE TIREUSE OFFERTE DES LE 1ER FUT<\/p><p>FACTURATION AU RETOUR , LES FUTS NON PERCUTES NE SONT PAS FACTURES DANS LA LIMITE DU RAISONNABLE\u00a0<\/p><p>ASSOCIATION OFFRE FIDELITE\u00a0\u00a0<\/p><p>Pour r\u00e9server, demandez un contrat de location \u00e0 brasserieyermatbier@gmail.com<\/p>\t\t\t\t\t\t\t\t<\/div>\n\t\t\t\t<\/div>\n\t\t\t\t\t<\/div>\n\t\t<\/div>\n\t\t\t\t\t<\/div>\n\t\t<\/section>\n\t\t\t\t<section class=\"elementor-section elementor-top-section elementor-element elementor-element-307d92f elementor-section-boxed elementor-section-height-default elementor-section-height-default wpr-particle-no wpr-jarallax-no wpr-parallax-no wpr-sticky-section-no\" data-id=\"307d92f\" data-element_type=\"section\" data-e-type=\"section\">\n\t\t\t\t\t\t<div class=\"elementor-container elementor-column-gap-default\">\n\t\t\t\t\t<div class=\"elementor-column elementor-col-50 elementor-top-column elementor-element elementor-element-88e7125\" data-id=\"88e7125\" data-element_type=\"column\" data-e-type=\"column\">\n\t\t\t<div class=\"elementor-widget-wrap elementor-element-populated\">\n\t\t\t\t\t\t<div class=\"elementor-element elementor-element-04ab0c1 elementor-widget elementor-widget-image\" data-id=\"04ab0c1\" data-element_type=\"widget\" data-e-type=\"widget\" data-widget_type=\"image.default\">\n\t\t\t\t<div class=\"elementor-widget-container\">\n\t\t\t\t\t\t\t\t\t\t\t\t<figure class=\"wp-caption\">\n\t\t\t\t\t\t\t\t\t\t\t<a href=\"http:\/\/brasserieyermatbier@gmail.com\">\n\t\t\t\t\t\t\t<img fetchpriority=\"high\" decoding=\"async\" width=\"300\" height=\"192\" src=\"https:\/\/yermatbier.fr\/wp-content\/uploads\/2026\/04\/Capture-TARIF-300x192.png\" class=\"attachment-medium size-medium wp-image-1870\" alt=\"\" srcset=\"https:\/\/yermatbier.fr\/wp-content\/uploads\/2026\/04\/Capture-TARIF-300x192.png 300w, https:\/\/yermatbier.fr\/wp-content\/uploads\/2026\/04\/Capture-TARIF.png 401w\" sizes=\"(max-width: 300px) 100vw, 300px\" \/>\t\t\t\t\t\t\t\t<\/a>\n\t\t\t\t\t\t\t\t\t\t\t<figcaption class=\"widget-image-caption wp-caption-text\"><\/figcaption>\n\t\t\t\t\t\t\t\t\t\t<\/figure>\n\t\t\t\t\t\t\t\t\t<\/div>\n\t\t\t\t<\/div>\n\t\t\t\t\t<\/div>\n\t\t<\/div>\n\t\t\t\t<div class=\"elementor-column elementor-col-50 elementor-top-column elementor-element elementor-element-bc2827e\" data-id=\"bc2827e\" data-element_type=\"column\" data-e-type=\"column\">\n\t\t\t<div class=\"elementor-widget-wrap elementor-element-populated\">\n\t\t\t\t\t\t<div class=\"elementor-element elementor-element-89731b7 elementor-widget elementor-widget-image\" data-id=\"89731b7\" data-element_type=\"widget\" data-e-type=\"widget\" data-widget_type=\"image.default\">\n\t\t\t\t<div class=\"elementor-widget-container\">\n\t\t\t\t\t\t\t\t\t\t\t\t\t\t\t<img decoding=\"async\" width=\"333\" height=\"500\" src=\"https:\/\/yermatbier.fr\/wp-content\/uploads\/2026\/04\/DAV_Nomade_D11192T.jpg\" class=\"attachment-large size-large wp-image-1864\" alt=\"\" srcset=\"https:\/\/yermatbier.fr\/wp-content\/uploads\/2026\/04\/DAV_Nomade_D11192T.jpg 333w, https:\/\/yermatbier.fr\/wp-content\/uploads\/2026\/04\/DAV_Nomade_D11192T-200x300.jpg 200w\" sizes=\"(max-width: 333px) 100vw, 333px\" \/>\t\t\t\t\t\t\t\t\t\t\t\t\t\t\t<\/div>\n\t\t\t\t<\/div>\n\t\t\t\t<div class=\"elementor-element elementor-element-953605b elementor-drop-cap-yes elementor-drop-cap-view-default elementor-widget elementor-widget-text-editor\" data-id=\"953605b\" data-element_type=\"widget\" data-e-type=\"widget\" data-settings=\"{&quot;drop_cap&quot;:&quot;yes&quot;}\" data-widget_type=\"text-editor.default\">\n\t\t\t\t<div class=\"elementor-widget-container\">\n\t\t\t\t\t\t\t\t\t<p>Tireuse festival nomade DAV<\/p><p>L&rsquo;alli\u00e9 des grands \u00e9v\u00e8nements r\u00e9ussi avec ses 2 becs easy tap<\/p><div class=\"et_pb_with_border et_pb_module et_pb_text et_pb_text_8 et_pb_text_align_left et_pb_bg_layout_light\"><div class=\"et_pb_text_inner\"><p class=\"p1\"><span class=\"s1\">320L\/h<\/span><\/p><\/div><\/div><div class=\"et_pb_module et_pb_text et_pb_text_9 et_pb_text_align_left et_pb_bg_layout_light\"><div class=\"et_pb_text_inner\"><p class=\"p1\">\u00a0<\/p><\/div><\/div>\t\t\t\t\t\t\t\t<\/div>\n\t\t\t\t<\/div>\n\t\t\t\t\t<\/div>\n\t\t<\/div>\n\t\t\t\t\t<\/div>\n\t\t<\/section>\n\t\t\t\t<section class=\"elementor-section elementor-top-section elementor-element elementor-element-e800890 elementor-section-boxed elementor-section-height-default elementor-section-height-default wpr-particle-no wpr-jarallax-no wpr-parallax-no wpr-sticky-section-no\" data-id=\"e800890\" data-element_type=\"section\" data-e-type=\"section\">\n\t\t\t\t\t\t<div class=\"elementor-container elementor-column-gap-default\">\n\t\t\t\t\t<div class=\"elementor-column elementor-col-100 elementor-top-column elementor-element elementor-element-ad542ab\" data-id=\"ad542ab\" data-element_type=\"column\" data-e-type=\"column\">\n\t\t\t<div class=\"elementor-widget-wrap elementor-element-populated\">\n\t\t\t\t\t\t<div class=\"elementor-element elementor-element-25777a8 elementor-widget elementor-widget-text-editor\" data-id=\"25777a8\" data-element_type=\"widget\" data-e-type=\"widget\" data-widget_type=\"text-editor.default\">\n\t\t\t\t<div class=\"elementor-widget-container\">\n\t\t\t\t\t\t\t\t\t<p><img decoding=\"async\" class=\"alignnone size-full wp-image-1869\" src=\"https:\/\/yermatbier.fr\/wp-content\/uploads\/2026\/04\/OIP-6.webp\" alt=\"\" width=\"191\" height=\"132\" \/>Tireuse bain d&rsquo;eau \u00e0 poser marque DAV<\/p><p>Elle a \u00e9t\u00e9 \u00e9quip\u00e9 de becs easy tap pour facilit\u00e9 le service\u00a0<\/p>\t\t\t\t\t\t\t\t<\/div>\n\t\t\t\t<\/div>\n\t\t\t\t<div class=\"elementor-element elementor-element-7b318ba elementor-widget elementor-widget-image\" data-id=\"7b318ba\" data-element_type=\"widget\" data-e-type=\"widget\" data-widget_type=\"image.default\">\n\t\t\t\t<div class=\"elementor-widget-container\">\n\t\t\t\t\t\t\t\t\t\t\t\t\t\t\t<img loading=\"lazy\" decoding=\"async\" width=\"200\" height=\"200\" src=\"https:\/\/yermatbier.fr\/wp-content\/uploads\/2026\/04\/bierkuehler-zapfanlage-bierzapfanlage-2-leitig-mit-kuehlung-trockenkuehler-160-liter-stunde.jpg\" class=\"attachment-large size-large wp-image-1863\" alt=\"\" srcset=\"https:\/\/yermatbier.fr\/wp-content\/uploads\/2026\/04\/bierkuehler-zapfanlage-bierzapfanlage-2-leitig-mit-kuehlung-trockenkuehler-160-liter-stunde.jpg 200w, https:\/\/yermatbier.fr\/wp-content\/uploads\/2026\/04\/bierkuehler-zapfanlage-bierzapfanlage-2-leitig-mit-kuehlung-trockenkuehler-160-liter-stunde-150x150.jpg 150w, https:\/\/yermatbier.fr\/wp-content\/uploads\/2026\/04\/bierkuehler-zapfanlage-bierzapfanlage-2-leitig-mit-kuehlung-trockenkuehler-160-liter-stunde-100x100.jpg 100w\" sizes=\"(max-width: 200px) 100vw, 200px\" \/>\t\t\t\t\t\t\t\t\t\t\t\t\t\t\t<\/div>\n\t\t\t\t<\/div>\n\t\t\t\t<div class=\"elementor-element elementor-element-b0e7927 elementor-widget elementor-widget-text-editor\" data-id=\"b0e7927\" data-element_type=\"widget\" data-e-type=\"widget\" data-widget_type=\"text-editor.default\">\n\t\t\t\t<div class=\"elementor-widget-container\">\n\t\t\t\t\t\t\t\t\t<p>NOS TIREUSES FROIDS SECS\u00a0<\/p><p>Tireuse lindr 2 becs 50L\/H\u00a0\u00a0<\/p><p>Tireuse lindr 2 becs 70L\/H\u00a0<\/p><p>Tireuse lindr 2 becs 180L\/H<\/p><p>Tireuse oprema 2 becs 50L \/H<\/p><p>Tireuse 1 becs 60L\/H<\/p><p>Facilement mobile et facile \u00e0 d\u00e9placer , elle est prete seulement\u00a0 en quelques minutes\u00a0\u00a0<\/p>\t\t\t\t\t\t\t\t<\/div>\n\t\t\t\t<\/div>\n\t\t\t\t\t<\/div>\n\t\t<\/div>\n\t\t\t\t\t<\/div>\n\t\t<\/section>\n\t\t\t\t<\/div>\n\t\t","protected":false},"excerpt":{"rendered":"<p>UNE\u00a0 TIREUSE ET DES FUTS ADAPTES A TOUS VOS EVENEMENTS !!!!! LOCATION DE TIREUSE OFFERTE DES LE 1ER FUT FACTURATION AU RETOUR , LES FUTS NON PERCUTES NE SONT PAS FACTURES DANS LA LIMITE DU RAISONNABLE\u00a0 ASSOCIATION OFFRE FIDELITE\u00a0\u00a0 Pour r\u00e9server, demandez un contrat de location \u00e0 brasserieyermatbier@gmail.com Tireuse festival nomade DAV L&rsquo;alli\u00e9 des grands \u00e9v\u00e8nements r\u00e9ussi avec ses 2 becs easy tap 320L\/h \u00a0 Tireuse bain d&rsquo;eau \u00e0 poser marque DAV Elle a \u00e9t\u00e9 \u00e9quip\u00e9 de becs easy tap pour facilit\u00e9 le service\u00a0 NOS TIREUSES FROIDS SECS\u00a0 Tireuse lindr 2 becs 50L\/H\u00a0\u00a0 Tireuse lindr 2 becs 70L\/H\u00a0 Tireuse lindr 2 becs 180L\/H Tireuse oprema 2 becs 50L \/H Tireuse 1 becs 60L\/H Facilement mobile et facile \u00e0 d\u00e9placer , elle est prete seulement\u00a0 en quelques minutes\u00a0\u00a0<\/p>\n","protected":false},"author":1,"featured_media":0,"parent":0,"menu_order":1,"comment_status":"closed","ping_status":"closed","template":"page-templates\/template-pagebuilder-full-width.php","meta":{"neve_meta_sidebar":"","neve_meta_container":"","neve_meta_enable_content_width":"","neve_meta_content_width":0,"neve_meta_title_alignment":"","neve_meta_author_avatar":"","neve_post_elements_order":"","neve_meta_disable_header":"","neve_meta_disable_footer":"","neve_meta_disable_title":"","footnotes":""},"class_list":["post-1861","page","type-page","status-publish","hentry"],"yoast_head":"<!-- This site is optimized with the Yoast SEO plugin v27.3 - https:\/\/yoast.com\/product\/yoast-seo-wordpress\/ -->\n<title>Location de tireuse et fut pays de Lorient - YermatBier<\/title>\n<meta name=\"robots\" content=\"index, follow, max-snippet:-1, max-image-preview:large, max-video-preview:-1\" \/>\n<link rel=\"canonical\" href=\"https:\/\/yermatbier.fr\/?page_id=1861\" \/>\n<meta property=\"og:locale\" content=\"fr_FR\" \/>\n<meta property=\"og:type\" content=\"article\" \/>\n<meta property=\"og:title\" content=\"Location de tireuse et fut pays de Lorient - YermatBier\" \/>\n<meta property=\"og:description\" content=\"UNE\u00a0 TIREUSE ET DES FUTS ADAPTES A TOUS VOS EVENEMENTS !!!!! LOCATION DE TIREUSE OFFERTE DES LE 1ER FUT FACTURATION AU RETOUR , LES FUTS NON PERCUTES NE SONT PAS FACTURES DANS LA LIMITE DU RAISONNABLE\u00a0 ASSOCIATION OFFRE FIDELITE\u00a0\u00a0 Pour r\u00e9server, demandez un contrat de location \u00e0 brasserieyermatbier@gmail.com Tireuse festival nomade DAV L&rsquo;alli\u00e9 des grands \u00e9v\u00e8nements r\u00e9ussi avec ses 2 becs easy tap 320L\/h \u00a0 Tireuse bain d&rsquo;eau \u00e0 poser marque DAV Elle a \u00e9t\u00e9 \u00e9quip\u00e9 de becs easy tap pour facilit\u00e9 le service\u00a0 NOS TIREUSES FROIDS SECS\u00a0 Tireuse lindr 2 becs 50L\/H\u00a0\u00a0 Tireuse lindr 2 becs 70L\/H\u00a0 Tireuse lindr 2 becs 180L\/H Tireuse oprema 2 becs 50L \/H Tireuse 1 becs 60L\/H Facilement mobile et facile \u00e0 d\u00e9placer , elle est prete seulement\u00a0 en quelques minutes\u00a0\u00a0\" \/>\n<meta property=\"og:url\" content=\"https:\/\/yermatbier.fr\/?page_id=1861\" \/>\n<meta property=\"og:site_name\" content=\"YermatBier\" \/>\n<meta property=\"article:modified_time\" content=\"2026-04-14T09:38:38+00:00\" \/>\n<meta property=\"og:image\" content=\"https:\/\/yermatbier.fr\/wp-content\/uploads\/2026\/04\/Capture-TARIF.png\" \/>\n\t<meta property=\"og:image:width\" content=\"401\" \/>\n\t<meta property=\"og:image:height\" content=\"256\" \/>\n\t<meta property=\"og:image:type\" content=\"image\/png\" \/>\n<meta name=\"twitter:card\" content=\"summary_large_image\" \/>\n<meta name=\"twitter:label1\" content=\"Dur\u00e9e de lecture estim\u00e9e\" \/>\n\t<meta name=\"twitter:data1\" content=\"2 minutes\" \/>\n<script type=\"application\/ld+json\" class=\"yoast-schema-graph\">{\"@context\":\"https:\\\/\\\/schema.org\",\"@graph\":[{\"@type\":\"WebPage\",\"@id\":\"https:\\\/\\\/yermatbier.fr\\\/?page_id=1861\",\"url\":\"https:\\\/\\\/yermatbier.fr\\\/?page_id=1861\",\"name\":\"Location de tireuse et fut pays de Lorient - YermatBier\",\"isPartOf\":{\"@id\":\"https:\\\/\\\/yermatbier.fr\\\/#website\"},\"primaryImageOfPage\":{\"@id\":\"https:\\\/\\\/yermatbier.fr\\\/?page_id=1861#primaryimage\"},\"image\":{\"@id\":\"https:\\\/\\\/yermatbier.fr\\\/?page_id=1861#primaryimage\"},\"thumbnailUrl\":\"https:\\\/\\\/yermatbier.fr\\\/wp-content\\\/uploads\\\/2026\\\/04\\\/Capture-TARIF-300x192.png\",\"datePublished\":\"2026-04-14T05:48:56+00:00\",\"dateModified\":\"2026-04-14T09:38:38+00:00\",\"breadcrumb\":{\"@id\":\"https:\\\/\\\/yermatbier.fr\\\/?page_id=1861#breadcrumb\"},\"inLanguage\":\"fr-FR\",\"potentialAction\":[{\"@type\":\"ReadAction\",\"target\":[\"https:\\\/\\\/yermatbier.fr\\\/?page_id=1861\"]}]},{\"@type\":\"ImageObject\",\"inLanguage\":\"fr-FR\",\"@id\":\"https:\\\/\\\/yermatbier.fr\\\/?page_id=1861#primaryimage\",\"url\":\"https:\\\/\\\/yermatbier.fr\\\/wp-content\\\/uploads\\\/2026\\\/04\\\/Capture-TARIF.png\",\"contentUrl\":\"https:\\\/\\\/yermatbier.fr\\\/wp-content\\\/uploads\\\/2026\\\/04\\\/Capture-TARIF.png\",\"width\":401,\"height\":256},{\"@type\":\"BreadcrumbList\",\"@id\":\"https:\\\/\\\/yermatbier.fr\\\/?page_id=1861#breadcrumb\",\"itemListElement\":[{\"@type\":\"ListItem\",\"position\":1,\"name\":\"Accueil\",\"item\":\"https:\\\/\\\/yermatbier.fr\\\/\"},{\"@type\":\"ListItem\",\"position\":2,\"name\":\"Location de tireuse et fut pays de Lorient\"}]},{\"@type\":\"WebSite\",\"@id\":\"https:\\\/\\\/yermatbier.fr\\\/#website\",\"url\":\"https:\\\/\\\/yermatbier.fr\\\/\",\"name\":\"YermatBier\",\"description\":\"\",\"publisher\":{\"@id\":\"https:\\\/\\\/yermatbier.fr\\\/#organization\"},\"potentialAction\":[{\"@type\":\"SearchAction\",\"target\":{\"@type\":\"EntryPoint\",\"urlTemplate\":\"https:\\\/\\\/yermatbier.fr\\\/?s={search_term_string}\"},\"query-input\":{\"@type\":\"PropertyValueSpecification\",\"valueRequired\":true,\"valueName\":\"search_term_string\"}}],\"inLanguage\":\"fr-FR\"},{\"@type\":\"Organization\",\"@id\":\"https:\\\/\\\/yermatbier.fr\\\/#organization\",\"name\":\"micro brasserie yermatbier locmiqu\u00e9lic\",\"url\":\"https:\\\/\\\/yermatbier.fr\\\/\",\"logo\":{\"@type\":\"ImageObject\",\"inLanguage\":\"fr-FR\",\"@id\":\"https:\\\/\\\/yermatbier.fr\\\/#\\\/schema\\\/logo\\\/image\\\/\",\"url\":\"https:\\\/\\\/yermatbier.fr\\\/wp-content\\\/uploads\\\/2022\\\/01\\\/244414436_1555273158154322_5968613582070822783-moyen-_n.png\",\"contentUrl\":\"https:\\\/\\\/yermatbier.fr\\\/wp-content\\\/uploads\\\/2022\\\/01\\\/244414436_1555273158154322_5968613582070822783-moyen-_n.png\",\"width\":1596,\"height\":1252,\"caption\":\"micro brasserie yermatbier locmiqu\u00e9lic\"},\"image\":{\"@id\":\"https:\\\/\\\/yermatbier.fr\\\/#\\\/schema\\\/logo\\\/image\\\/\"}}]}<\/script>\n<!-- \/ Yoast SEO plugin. -->","yoast_head_json":{"title":"Location de tireuse et fut pays de Lorient - YermatBier","robots":{"index":"index","follow":"follow","max-snippet":"max-snippet:-1","max-image-preview":"max-image-preview:large","max-video-preview":"max-video-preview:-1"},"canonical":"https:\/\/yermatbier.fr\/?page_id=1861","og_locale":"fr_FR","og_type":"article","og_title":"Location de tireuse et fut pays de Lorient - YermatBier","og_description":"UNE\u00a0 TIREUSE ET DES FUTS ADAPTES A TOUS VOS EVENEMENTS !!!!! LOCATION DE TIREUSE OFFERTE DES LE 1ER FUT FACTURATION AU RETOUR , LES FUTS NON PERCUTES NE SONT PAS FACTURES DANS LA LIMITE DU RAISONNABLE\u00a0 ASSOCIATION OFFRE FIDELITE\u00a0\u00a0 Pour r\u00e9server, demandez un contrat de location \u00e0 brasserieyermatbier@gmail.com Tireuse festival nomade DAV L&rsquo;alli\u00e9 des grands \u00e9v\u00e8nements r\u00e9ussi avec ses 2 becs easy tap 320L\/h \u00a0 Tireuse bain d&rsquo;eau \u00e0 poser marque DAV Elle a \u00e9t\u00e9 \u00e9quip\u00e9 de becs easy tap pour facilit\u00e9 le service\u00a0 NOS TIREUSES FROIDS SECS\u00a0 Tireuse lindr 2 becs 50L\/H\u00a0\u00a0 Tireuse lindr 2 becs 70L\/H\u00a0 Tireuse lindr 2 becs 180L\/H Tireuse oprema 2 becs 50L \/H Tireuse 1 becs 60L\/H Facilement mobile et facile \u00e0 d\u00e9placer , elle est prete seulement\u00a0 en quelques minutes\u00a0\u00a0","og_url":"https:\/\/yermatbier.fr\/?page_id=1861","og_site_name":"YermatBier","article_modified_time":"2026-04-14T09:38:38+00:00","og_image":[{"width":401,"height":256,"url":"https:\/\/yermatbier.fr\/wp-content\/uploads\/2026\/04\/Capture-TARIF.png","type":"image\/png"}],"twitter_card":"summary_large_image","twitter_misc":{"Dur\u00e9e de lecture estim\u00e9e":"2 minutes"},"schema":{"@context":"https:\/\/schema.org","@graph":[{"@type":"WebPage","@id":"https:\/\/yermatbier.fr\/?page_id=1861","url":"https:\/\/yermatbier.fr\/?page_id=1861","name":"Location de tireuse et fut pays de Lorient - YermatBier","isPartOf":{"@id":"https:\/\/yermatbier.fr\/#website"},"primaryImageOfPage":{"@id":"https:\/\/yermatbier.fr\/?page_id=1861#primaryimage"},"image":{"@id":"https:\/\/yermatbier.fr\/?page_id=1861#primaryimage"},"thumbnailUrl":"https:\/\/yermatbier.fr\/wp-content\/uploads\/2026\/04\/Capture-TARIF-300x192.png","datePublished":"2026-04-14T05:48:56+00:00","dateModified":"2026-04-14T09:38:38+00:00","breadcrumb":{"@id":"https:\/\/yermatbier.fr\/?page_id=1861#breadcrumb"},"inLanguage":"fr-FR","potentialAction":[{"@type":"ReadAction","target":["https:\/\/yermatbier.fr\/?page_id=1861"]}]},{"@type":"ImageObject","inLanguage":"fr-FR","@id":"https:\/\/yermatbier.fr\/?page_id=1861#primaryimage","url":"https:\/\/yermatbier.fr\/wp-content\/uploads\/2026\/04\/Capture-TARIF.png","contentUrl":"https:\/\/yermatbier.fr\/wp-content\/uploads\/2026\/04\/Capture-TARIF.png","width":401,"height":256},{"@type":"BreadcrumbList","@id":"https:\/\/yermatbier.fr\/?page_id=1861#breadcrumb","itemListElement":[{"@type":"ListItem","position":1,"name":"Accueil","item":"https:\/\/yermatbier.fr\/"},{"@type":"ListItem","position":2,"name":"Location de tireuse et fut pays de Lorient"}]},{"@type":"WebSite","@id":"https:\/\/yermatbier.fr\/#website","url":"https:\/\/yermatbier.fr\/","name":"YermatBier","description":"","publisher":{"@id":"https:\/\/yermatbier.fr\/#organization"},"potentialAction":[{"@type":"SearchAction","target":{"@type":"EntryPoint","urlTemplate":"https:\/\/yermatbier.fr\/?s={search_term_string}"},"query-input":{"@type":"PropertyValueSpecification","valueRequired":true,"valueName":"search_term_string"}}],"inLanguage":"fr-FR"},{"@type":"Organization","@id":"https:\/\/yermatbier.fr\/#organization","name":"micro brasserie yermatbier locmiqu\u00e9lic","url":"https:\/\/yermatbier.fr\/","logo":{"@type":"ImageObject","inLanguage":"fr-FR","@id":"https:\/\/yermatbier.fr\/#\/schema\/logo\/image\/","url":"https:\/\/yermatbier.fr\/wp-content\/uploads\/2022\/01\/244414436_1555273158154322_5968613582070822783-moyen-_n.png","contentUrl":"https:\/\/yermatbier.fr\/wp-content\/uploads\/2022\/01\/244414436_1555273158154322_5968613582070822783-moyen-_n.png","width":1596,"height":1252,"caption":"micro brasserie yermatbier locmiqu\u00e9lic"},"image":{"@id":"https:\/\/yermatbier.fr\/#\/schema\/logo\/image\/"}}]}},"_links":{"self":[{"href":"https:\/\/yermatbier.fr\/index.php?rest_route=\/wp\/v2\/pages\/1861","targetHints":{"allow":["GET"]}}],"collection":[{"href":"https:\/\/yermatbier.fr\/index.php?rest_route=\/wp\/v2\/pages"}],"about":[{"href":"https:\/\/yermatbier.fr\/index.php?rest_route=\/wp\/v2\/types\/page"}],"author":[{"embeddable":true,"href":"https:\/\/yermatbier.fr\/index.php?rest_route=\/wp\/v2\/users\/1"}],"replies":[{"embeddable":true,"href":"https:\/\/yermatbier.fr\/index.php?rest_route=%2Fwp%2Fv2%2Fcomments&post=1861"}],"version-history":[{"count":28,"href":"https:\/\/yermatbier.fr\/index.php?rest_route=\/wp\/v2\/pages\/1861\/revisions"}],"predecessor-version":[{"id":1907,"href":"https:\/\/yermatbier.fr\/index.php?rest_route=\/wp\/v2\/pages\/1861\/revisions\/1907"}],"wp:attachment":[{"href":"https:\/\/yermatbier.fr\/index.php?rest_route=%2Fwp%2Fv2%2Fmedia&parent=1861"}],"curies":[{"name":"wp","href":"https:\/\/api.w.org\/{rel}","templated":true}]}}